{"id":77,"date":"2025-07-23T09:52:47","date_gmt":"2025-07-23T09:52:47","guid":{"rendered":"https:\/\/freddesdorfer-angelsport.north-types.de\/?page_id=77"},"modified":"2025-07-23T14:30:27","modified_gmt":"2025-07-23T14:30:27","slug":"impressum","status":"publish","type":"page","link":"https:\/\/freddesdorfer-angelsport.north-types.de\/?page_id=77","title":{"rendered":"Impressum"},"content":{"rendered":"\t\t<div data-elementor-type=\"wp-page\" data-elementor-id=\"77\" class=\"elementor elementor-77\" data-elementor-settings=\"{&quot;ha_cmc_init_switcher&quot;:&quot;no&quot;}\" data-elementor-post-type=\"page\">\n\t\t\t\t<div class=\"elementor-element elementor-element-0c3067d e-flex e-con-boxed e-con e-parent\" data-id=\"0c3067d\" data-element_type=\"container\" data-e-type=\"container\" data-settings=\"{&quot;_ha_eqh_enable&quot;:false}\">\n\t\t\t\t\t<div class=\"e-con-inner\">\n\t\t\t\t<div class=\"elementor-element elementor-element-10456f0 elementor-widget elementor-widget-heading\" data-id=\"10456f0\" data-element_type=\"widget\" data-e-type=\"widget\" data-widget_type=\"heading.default\">\n\t\t\t\t\t<h1 class=\"elementor-heading-title elementor-size-default\">Impressum<\/h1>\t\t\t\t<\/div>\n\t\t\t\t\t<\/div>\n\t\t\t\t<\/div>\n\t\t<div class=\"elementor-element elementor-element-f193cec e-flex e-con-boxed e-con e-parent\" data-id=\"f193cec\" data-element_type=\"container\" data-e-type=\"container\" data-settings=\"{&quot;_ha_eqh_enable&quot;:false}\">\n\t\t\t\t\t<div class=\"e-con-inner\">\n\t\t\t\t<div class=\"elementor-element elementor-element-ca0609a elementor-widget elementor-widget-text-editor\" data-id=\"ca0609a\" data-element_type=\"widget\" data-e-type=\"widget\" data-widget_type=\"text-editor.default\">\n\t\t\t\t\t\t\t\t\t<h1>Diensteanbieter<\/h1><p>Fredesdorfer Angelsportverein e. V.<\/p><h2 id=\"m56\">Kontaktm\u00f6glichkeiten<\/h2><p>E-Mail-Adresse: mail@asv-fredesdorf.de<\/p><h2 id=\"m153\">Vertretungsberechtigte Personen<\/h2><p>Vertretungsberechtigt: 1. Vorsitzender &#8211; Sven Berthold, 2. Vorsitzender &#8211; Dennis B\u00f6ttger<\/p><h2 id=\"m151\">Register und Registernummer<\/h2><p>Vereinsregister<\/p><p>Gef\u00fchrt bei: Amtsgericht Kiel<\/p><p>Nummer: 418 SE<\/p><h2 id=\"m65\">Haftungs- und Schutzrechtshinweise<\/h2><p>Haftungsausschluss: Die Inhalte dieses Onlineangebotes wurden sorgf\u00e4ltig und nach unserem aktuellen Kenntnisstand erstellt, dienen jedoch nur der Information und entfalten keine rechtlich bindende Wirkung, sofern es sich nicht um gesetzlich verpflichtende Informationen (z.\u00a0B. das Impressum, die Datenschutzerkl\u00e4rung, AGB oder verpflichtende Belehrungen von Verbrauchern) handelt. Wir behalten uns vor, die Inhalte vollst\u00e4ndig oder teilweise zu \u00e4ndern oder zu l\u00f6schen, soweit vertragliche Verpflichtungen unber\u00fchrt bleiben. Alle Angebote sind freibleibend und unverbindlich.<\/p><h2>Die Gestaltung der Website wurde durchgef\u00fchrt von:<\/h2><p>ITK-Net GmbH<\/p><p class=\"seal\"><a title=\"Rechtstext von Dr. Schwenke - f\u00fcr weitere Informationen bitte anklicken.\" href=\"https:\/\/datenschutz-generator.de\/\" target=\"_blank\" rel=\"noopener noreferrer nofollow\">Erstellt mit kostenlosem Datenschutz-Generator.de von Dr. Thomas Schwenke<\/a><\/p>\t\t\t\t\t\t\t\t<\/div>\n\t\t\t\t<div class=\"elementor-element elementor-element-2005446 elementor-widget elementor-widget-spacer\" data-id=\"2005446\" data-element_type=\"widget\" data-e-type=\"widget\" data-widget_type=\"spacer.default\">\n\t\t\t\t\t\t\t<div class=\"elementor-spacer\">\n\t\t\t<div class=\"elementor-spacer-inner\"><\/div>\n\t\t<\/div>\n\t\t\t\t\t\t<\/div>\n\t\t\t\t\t<\/div>\n\t\t\t\t<\/div>\n\t\t\t\t<\/div>\n\t\t","protected":false},"excerpt":{"rendered":"<p>Impressum Diensteanbieter Fredesdorfer Angelsportverein e. V. Kontaktm\u00f6glichkeiten E-Mail-Adresse: mail@asv-fredesdorf.de Vertretungsberechtigte Personen Vertretungsberechtigt: 1. Vorsitzender &#8211; Sven Berthold, 2. Vorsitzender &#8211; Dennis B\u00f6ttger Register und Registernummer Vereinsregister Gef\u00fchrt bei: Amtsgericht Kiel Nummer: 418 SE Haftungs- und Schutzrechtshinweise Haftungsausschluss: Die Inhalte dieses Onlineangebotes wurden sorgf\u00e4ltig und nach unserem aktuellen Kenntnisstand erstellt, dienen jedoch nur der Information und [&hellip;]<\/p>\n","protected":false},"author":1,"featured_media":0,"parent":0,"menu_order":0,"comment_status":"closed","ping_status":"closed","template":"elementor_header_footer","meta":{"footnotes":""},"class_list":["post-77","page","type-page","status-publish","hentry","entry"],"_links":{"self":[{"href":"https:\/\/freddesdorfer-angelsport.north-types.de\/index.php?rest_route=\/wp\/v2\/pages\/77","targetHints":{"allow":["GET"]}}],"collection":[{"href":"https:\/\/freddesdorfer-angelsport.north-types.de\/index.php?rest_route=\/wp\/v2\/pages"}],"about":[{"href":"https:\/\/freddesdorfer-angelsport.north-types.de\/index.php?rest_route=\/wp\/v2\/types\/page"}],"author":[{"embeddable":true,"href":"https:\/\/freddesdorfer-angelsport.north-types.de\/index.php?rest_route=\/wp\/v2\/users\/1"}],"replies":[{"embeddable":true,"href":"https:\/\/freddesdorfer-angelsport.north-types.de\/index.php?rest_route=%2Fwp%2Fv2%2Fcomments&post=77"}],"version-history":[{"count":11,"href":"https:\/\/freddesdorfer-angelsport.north-types.de\/index.php?rest_route=\/wp\/v2\/pages\/77\/revisions"}],"predecessor-version":[{"id":249,"href":"https:\/\/freddesdorfer-angelsport.north-types.de\/index.php?rest_route=\/wp\/v2\/pages\/77\/revisions\/249"}],"wp:attachment":[{"href":"https:\/\/freddesdorfer-angelsport.north-types.de\/index.php?rest_route=%2Fwp%2Fv2%2Fmedia&parent=77"}],"curies":[{"name":"wp","href":"https:\/\/api.w.org\/{rel}","templated":true}]}}