{"id":16,"date":"2025-07-23T09:10:15","date_gmt":"2025-07-23T09:10:15","guid":{"rendered":"https:\/\/freddesdorfer-angelsport.north-types.de\/?page_id=16"},"modified":"2025-07-23T14:17:36","modified_gmt":"2025-07-23T14:17:36","slug":"teichordnung","status":"publish","type":"page","link":"https:\/\/freddesdorfer-angelsport.north-types.de\/?page_id=16","title":{"rendered":"Teichordnung"},"content":{"rendered":"\t\t<div data-elementor-type=\"wp-page\" data-elementor-id=\"16\" class=\"elementor elementor-16\" data-elementor-settings=\"{&quot;ha_cmc_init_switcher&quot;:&quot;no&quot;}\" data-elementor-post-type=\"page\">\n\t\t\t\t<div class=\"elementor-element elementor-element-9fb8a16 e-flex e-con-boxed e-con e-parent\" data-id=\"9fb8a16\" data-element_type=\"container\" data-e-type=\"container\" data-settings=\"{&quot;_ha_eqh_enable&quot;:false}\">\n\t\t\t\t\t<div class=\"e-con-inner\">\n\t\t\t\t<div class=\"elementor-element elementor-element-40ec394 elementor-widget elementor-widget-heading\" data-id=\"40ec394\" data-element_type=\"widget\" data-e-type=\"widget\" data-widget_type=\"heading.default\">\n\t\t\t\t\t<h1 class=\"elementor-heading-title elementor-size-default\">Unsere Teichordnung<\/h1>\t\t\t\t<\/div>\n\t\t\t\t\t<\/div>\n\t\t\t\t<\/div>\n\t\t<div class=\"elementor-element elementor-element-4e87289 e-flex e-con-boxed e-con e-parent\" data-id=\"4e87289\" data-element_type=\"container\" data-e-type=\"container\" data-settings=\"{&quot;_ha_eqh_enable&quot;:false}\">\n\t\t\t\t\t<div class=\"e-con-inner\">\n\t\t\t\t<div class=\"elementor-element elementor-element-ee9784e elementor-widget elementor-widget-text-editor\" data-id=\"ee9784e\" data-element_type=\"widget\" data-e-type=\"widget\" data-widget_type=\"text-editor.default\">\n\t\t\t\t\t\t\t\t\t<p style=\"text-align: center;\">Teichordnung ASV Fredesdorf e.V.<\/p><p>Diese Teichordnung soll gew\u00e4hrleisten, dass alle Mitglieder naturvertr\u00e4glich und ungest\u00f6rt dem Angeln nachgehen k\u00f6nnen. Anweisungen des Vorstandes sind unbedingt zu befolgen. Ein Versto\u00df gegen die Teichordnung kann zum Ausschluss aus dem Verein f\u00fchren.<\/p><p>Es wird jederzeit respektvolles Verhalten erwartet. Auf die Natur sowie andere Personen ist R\u00fccksicht zu nehmen. Die gesamte Anlage mit Teichen und D\u00e4mmen ist stets sauber zu halten. F\u00fcr Abf\u00e4lle aller Art sind die aufgestellten Abfalleimer und Aschenbecher zu nutzen.<\/p><p>Das Betreten der Teichanlage erfolgt auf eigene Gefahr. Es ist nur Vereinsmitgliedern erlaubt.<\/p><p>Geangelt werden darf jeweils mit zwei Ruten und jeweils einem Haken. Vorf\u00e4cher m\u00fcssen eine Mindestst\u00e4rke von 0,20 mm (monofil) besitzen. Ausgelegte Angeln sind durchgehend zu beaufsichtigen, Unterfangkescher, Schlagholz, Hakenl\u00f6ser und Messer sind bereit zu halten.<\/p><p>Je Woche (Samstag bis Samstag) und Mitglied d\u00fcrfen bis zu zwei Forellen geangelt werden. Die Fangliste ist mit e-mail an sven_berthold@t-online.de zu senden.<\/p><p>F\u00fcr das Angeln gelten folgende Verbote:<\/p><ul><li>Angeln mit lebendem K\u00f6derfisch<\/li><li>Nutzung von Mehrfach-\/Drillingshaken, unabh\u00e4ngig von der Art des K\u00f6ders<\/li><li>Nutzung anderer Fangger\u00e4te als Angelruten, insbesondere Kescher<\/li><li>H\u00e4lterung im Setzkescher<\/li><li>Entnahme unterma\u00dfigen Hechten und s\u00e4mtlichen Karpfen<\/li><li>Das Ausnehmen und Auswaschen gefangener Fische innerhalb der Teichanlage<\/li><li>Anf\u00fcttern<\/li><\/ul><p>Auf Verlangen k\u00f6nnen Taschen durch Vorstandsmitglieder \u00fcberpr\u00fcft werden. Versuchter oder vollendeter Fischdiebstahl wird mit dem 10 fachen Kaufpreis des Fisches geahndet und zur Anzeige gebracht.<\/p><p>Fredesdorf, 25.04.2025<\/p>\t\t\t\t\t\t\t\t<\/div>\n\t\t\t\t<div class=\"elementor-element elementor-element-f28aa32 elementor-widget elementor-widget-heading\" data-id=\"f28aa32\" data-element_type=\"widget\" data-e-type=\"widget\" data-widget_type=\"heading.default\">\n\t\t\t\t\t<h4 class=\"elementor-heading-title elementor-size-default\">Hier nochmal zum Download<\/h4>\t\t\t\t<\/div>\n\t\t\t\t<div class=\"elementor-element elementor-element-9f69ace elementor-widget elementor-widget-button\" data-id=\"9f69ace\" data-element_type=\"widget\" data-e-type=\"widget\" data-widget_type=\"button.default\">\n\t\t\t\t\t\t\t\t\t\t<a class=\"elementor-button elementor-button-link elementor-size-sm\" href=\"https:\/\/freddesdorfer-angelsport.north-types.de\/wp-content\/uploads\/2025\/07\/Teichordnung-Angelsportverein-Fredesdorf-Stand-25.04.2025.pdf\" rel=\"nofollow\">\n\t\t\t\t\t\t<span class=\"elementor-button-content-wrapper\">\n\t\t\t\t\t\t<span class=\"elementor-button-icon\">\n\t\t\t\t\t\t\t\t\t<i class=\"\" aria-hidden=\"true\"><\/i>\n\t\t\t\t\t\t\t<\/span>\n\t\t\t\t\t\t\t\t\t<span class=\"elementor-button-text\">Teichordnung<\/span>\n\t\t\t\t\t<\/span>\n\t\t\t\t\t<\/a>\n\t\t\t\t\t\t\t\t<\/div>\n\t\t\t\t<div class=\"elementor-element elementor-element-439f01d elementor-widget elementor-widget-spacer\" data-id=\"439f01d\" data-element_type=\"widget\" data-e-type=\"widget\" data-widget_type=\"spacer.default\">\n\t\t\t\t\t\t\t<div class=\"elementor-spacer\">\n\t\t\t<div class=\"elementor-spacer-inner\"><\/div>\n\t\t<\/div>\n\t\t\t\t\t\t<\/div>\n\t\t\t\t\t<\/div>\n\t\t\t\t<\/div>\n\t\t\t\t<\/div>\n\t\t","protected":false},"excerpt":{"rendered":"<p>Unsere Teichordnung Teichordnung ASV Fredesdorf e.V. Diese Teichordnung soll gew\u00e4hrleisten, dass alle Mitglieder naturvertr\u00e4glich und ungest\u00f6rt dem Angeln nachgehen k\u00f6nnen. Anweisungen des Vorstandes sind unbedingt zu befolgen. Ein Versto\u00df gegen die Teichordnung kann zum Ausschluss aus dem Verein f\u00fchren. Es wird jederzeit respektvolles Verhalten erwartet. Auf die Natur sowie andere Personen ist R\u00fccksicht zu nehmen. [&hellip;]<\/p>\n","protected":false},"author":1,"featured_media":0,"parent":0,"menu_order":0,"comment_status":"closed","ping_status":"closed","template":"elementor_header_footer","meta":{"footnotes":""},"class_list":["post-16","page","type-page","status-publish","hentry","entry"],"_links":{"self":[{"href":"https:\/\/freddesdorfer-angelsport.north-types.de\/index.php?rest_route=\/wp\/v2\/pages\/16","targetHints":{"allow":["GET"]}}],"collection":[{"href":"https:\/\/freddesdorfer-angelsport.north-types.de\/index.php?rest_route=\/wp\/v2\/pages"}],"about":[{"href":"https:\/\/freddesdorfer-angelsport.north-types.de\/index.php?rest_route=\/wp\/v2\/types\/page"}],"author":[{"embeddable":true,"href":"https:\/\/freddesdorfer-angelsport.north-types.de\/index.php?rest_route=\/wp\/v2\/users\/1"}],"replies":[{"embeddable":true,"href":"https:\/\/freddesdorfer-angelsport.north-types.de\/index.php?rest_route=%2Fwp%2Fv2%2Fcomments&post=16"}],"version-history":[{"count":22,"href":"https:\/\/freddesdorfer-angelsport.north-types.de\/index.php?rest_route=\/wp\/v2\/pages\/16\/revisions"}],"predecessor-version":[{"id":233,"href":"https:\/\/freddesdorfer-angelsport.north-types.de\/index.php?rest_route=\/wp\/v2\/pages\/16\/revisions\/233"}],"wp:attachment":[{"href":"https:\/\/freddesdorfer-angelsport.north-types.de\/index.php?rest_route=%2Fwp%2Fv2%2Fmedia&parent=16"}],"curies":[{"name":"wp","href":"https:\/\/api.w.org\/{rel}","templated":true}]}}