{"id":14,"date":"2025-07-23T07:51:28","date_gmt":"2025-07-23T07:51:28","guid":{"rendered":"https:\/\/freddesdorfer-angelsport.north-types.de\/?page_id=14"},"modified":"2025-07-23T14:17:15","modified_gmt":"2025-07-23T14:17:15","slug":"aktuelle-meldungen","status":"publish","type":"page","link":"https:\/\/freddesdorfer-angelsport.north-types.de\/","title":{"rendered":"Aktuelle Meldungen"},"content":{"rendered":"\t\t<div data-elementor-type=\"wp-page\" data-elementor-id=\"14\" class=\"elementor elementor-14\" data-elementor-settings=\"{&quot;ha_cmc_init_switcher&quot;:&quot;no&quot;}\" data-elementor-post-type=\"page\">\n\t\t\t\t<div class=\"elementor-element elementor-element-9f89bcf e-flex e-con-boxed e-con e-parent\" data-id=\"9f89bcf\" data-element_type=\"container\" data-e-type=\"container\" data-settings=\"{&quot;_ha_eqh_enable&quot;:false}\">\n\t\t\t\t\t<div class=\"e-con-inner\">\n\t\t\t\t<div class=\"elementor-element elementor-element-2a17180 elementor-widget elementor-widget-heading\" data-id=\"2a17180\" data-element_type=\"widget\" data-e-type=\"widget\" data-widget_type=\"heading.default\">\n\t\t\t\t\t<h1 class=\"elementor-heading-title elementor-size-default\">Hier dreht sich alles um Natur, Gew\u00e4sser und das gemeinsame Hobby!<\/h1>\t\t\t\t<\/div>\n\t\t\t\t<div class=\"elementor-element elementor-element-b5eb158 elementor-widget elementor-widget-text-editor\" data-id=\"b5eb158\" data-element_type=\"widget\" data-e-type=\"widget\" data-widget_type=\"text-editor.default\">\n\t\t\t\t\t\t\t\t\t<strong>Sch\u00f6n, dass du da bist!\n<\/strong><br>Willkommen auf der Seite vom Angelverein Fredesdorf dem perfekten Ort f\u00fcr alle, die gerne drau\u00dfen sind, Ruhe am Wasser suchen und nat\u00fcrlich die gro\u00dfe Leidenschaft f\u00fcrs Angeln teilen.<br>Egal ob du schon seit Jahren am Wasser sitzt oder gerade erst deine erste Rute in der Hand hattest &#8211; bei uns findets du eine Gemeinschaft, in der jeder willkommen ist.<br>Hier erf\u00e4hrst du alles \u00fcber unser Gew\u00e4sser, Termine, Aktionen und wie du bei uns mitmachen kannst. Wir freuen uns auf dich &#8211; und vielleicht ja auch auf deinen ersten Fang bei uns!<br><br><strong> Petri Heil und bis bald am Wasser!<\/strong><br><br>\nDein Team vom Angelverein Fredesdorf\n\n&nbsp;\t\t\t\t\t\t\t\t<\/div>\n\t\t\t\t<div class=\"elementor-element elementor-element-33a1786 elementor-widget elementor-widget-spacer\" data-id=\"33a1786\" data-element_type=\"widget\" data-e-type=\"widget\" data-widget_type=\"spacer.default\">\n\t\t\t\t\t\t\t<div class=\"elementor-spacer\">\n\t\t\t<div class=\"elementor-spacer-inner\"><\/div>\n\t\t<\/div>\n\t\t\t\t\t\t<\/div>\n\t\t\t\t\t<\/div>\n\t\t\t\t<\/div>\n\t\t\t\t<\/div>\n\t\t","protected":false},"excerpt":{"rendered":"<p>Hier dreht sich alles um Natur, Gew\u00e4sser und das gemeinsame Hobby! Sch\u00f6n, dass du da bist! Willkommen auf der Seite vom Angelverein Fredesdorf dem perfekten Ort f\u00fcr alle, die gerne drau\u00dfen sind, Ruhe am Wasser suchen und nat\u00fcrlich die gro\u00dfe Leidenschaft f\u00fcrs Angeln teilen.Egal ob du schon seit Jahren am Wasser sitzt oder gerade erst [&hellip;]<\/p>\n","protected":false},"author":1,"featured_media":0,"parent":0,"menu_order":0,"comment_status":"closed","ping_status":"closed","template":"elementor_header_footer","meta":{"footnotes":""},"class_list":["post-14","page","type-page","status-publish","hentry","entry"],"_links":{"self":[{"href":"https:\/\/freddesdorfer-angelsport.north-types.de\/index.php?rest_route=\/wp\/v2\/pages\/14","targetHints":{"allow":["GET"]}}],"collection":[{"href":"https:\/\/freddesdorfer-angelsport.north-types.de\/index.php?rest_route=\/wp\/v2\/pages"}],"about":[{"href":"https:\/\/freddesdorfer-angelsport.north-types.de\/index.php?rest_route=\/wp\/v2\/types\/page"}],"author":[{"embeddable":true,"href":"https:\/\/freddesdorfer-angelsport.north-types.de\/index.php?rest_route=\/wp\/v2\/users\/1"}],"replies":[{"embeddable":true,"href":"https:\/\/freddesdorfer-angelsport.north-types.de\/index.php?rest_route=%2Fwp%2Fv2%2Fcomments&post=14"}],"version-history":[{"count":22,"href":"https:\/\/freddesdorfer-angelsport.north-types.de\/index.php?rest_route=\/wp\/v2\/pages\/14\/revisions"}],"predecessor-version":[{"id":230,"href":"https:\/\/freddesdorfer-angelsport.north-types.de\/index.php?rest_route=\/wp\/v2\/pages\/14\/revisions\/230"}],"wp:attachment":[{"href":"https:\/\/freddesdorfer-angelsport.north-types.de\/index.php?rest_route=%2Fwp%2Fv2%2Fmedia&parent=14"}],"curies":[{"name":"wp","href":"https:\/\/api.w.org\/{rel}","templated":true}]}}